{"id":5921,"date":"2025-01-13T10:00:41","date_gmt":"2025-01-13T09:00:41","guid":{"rendered":"https:\/\/studiodilernia.exum.eu\/?page_id=5921"},"modified":"2025-01-13T10:00:41","modified_gmt":"2025-01-13T09:00:41","slug":"cookie-policy","status":"publish","type":"page","link":"https:\/\/studiodilernia.exum.eu\/?page_id=5921","title":{"rendered":"Cookie policy"},"content":{"rendered":"\n<p><br><br><strong>Premessa<\/strong><br><br>La presente \u201cinformativa estesa\u201d \u00e8 stata redatta e personalizzata appositamente per il presente sito in base a quanto previsto dal Provvedimento dell\u20198 maggio 2014 emanato dal Garante per la protezione dei dati personali. Essa integra ed aggiorna altre informative gi\u00e0 presenti sul sito e\/o rilasciate prima d\u2019ora dall\u2019azienda, in combinazione con le quali fornisce tutti gli elementi richiesti dall\u2019art. 13 del D. Lgs. 196\/2003 e dai successivi Provvedimenti dell\u2019Autorit\u00e0 Garante per la protezione dei dati personali.<br><br><strong>Avvertenza importante<\/strong><br><br>Si informano i terzi tutti che l\u2019utilizzo della presente informativa, o anche solo di alcune parti di essa, su altri siti web in riferimento ai quali sarebbe certamente non pertinente e\/o errata e\/o incongruente, pu\u00f2 comportare l\u2019irrogazione di pesanti sanzioni da parte dell\u2019Autorit\u00e0 Garante per la protezione dei dati personali.<br><br><strong>Oggetto dell\u2019informativa<\/strong><br><br>La nostra azienda sfrutta nelle presenti pagine web tecnologie facenti ricorso ai cos\u00ec detti \u201ccookie\u201d e questa informativa ha la finalit\u00e0 di illustrare all\u2019utente in maniera chiara e precisa le loro modalit\u00e0 di utilizzo. Il presente documento annulla e sostituisce integralmente eventuali precedenti indicazioni fornite dall\u2019azienda in tema di cookies, le quali sono quindi da considerarsi del tutto superate.<br><br><strong>Cosa sono i cookie<\/strong><br><br>I cookies sono stringhe di testo (file di piccole dimensioni), che i siti visitati da un utente inviano al suo terminale (pc, tablet, smart phone, ecc.), ove vengono memorizzati per poi essere ritrasmessi agli stessi siti che li hanno inviati, nel corso della visita successiva del medesimo utente.<br><br><strong>Tipologie di cookie e relative finalit\u00e0<\/strong><br><br>I cookies utilizzati nel presente sito web sono delle seguenti tipologie:<br><br>* Cookie tecnici: permettono all\u2019utente l\u2019ottimale e veloce navigazione attraverso il sito web e l\u2019efficiente utilizzo dei servizi e\/o delle varie opzioni che esso offre, consentendo ad esempio di effettuare un acquisto o di autenticarsi per accedere ad aree riservate. Questi cookie sono necessari per migliorare la fruibilit\u00e0 del sito web, ma possono comunque essere disattivati.<br><br><strong>Le impostazioni del browser<\/strong><br><br>Informiamo inoltre che l\u2019utente pu\u00f2 configurare, liberamente ed in qualsiasi momento, i suoi parametri di privacy in relazione all\u2019installazione ed uso di cookie, direttamente attraverso il suo programma di navigazione (browser) seguendo le relative istruzioni.<br><br>In particolare l\u2019utente pu\u00f2 impostare la cos\u00ec detta \u201cnavigazione privata\u201d, grazie alla quale il suo programma di navigazione interrompe il salvataggio dello storico dei siti visitati, delle eventuali password inserite, dei cookie e delle altre informazioni sulle pagine visitate.<br><br>Avvertiamo che nel caso in cui l\u2019utente decida di disattivare tutti i cookie (anche quelli di natura tecnica), la qualit\u00e0 e la rapidit\u00e0 dei servizi offerti dal presente sito web potrebbero peggiorare drasticamente e si potrebbe perdere l\u2019accesso ad alcune sezioni del sito stesso.<br><br><strong>Come modificare le preferenze del browser<\/strong><br><br>Per bloccare o limitare l\u2019utilizzo dei cookie, sia da parte del presente sito che da parte di altri siti web, direttamente tramite il proprio browser, si possono seguire le semplici istruzioni sotto riportate e riferite ai browser di pi\u00f9 comune utilizzo:<br><br>* Google Chrome<br>* Mozilla Firefox<br>* Internet Explorer<br>* Safari<br><br>Altri browsers: ricerca nel men\u00f9 principale la parte sulle impostazioni della \u201cprivacy\u201d e poi segui le indicazioni relative al blocco di tutti o parte dei cookie.<br><br><strong>Informativa e consenso al trattamento dei dati personali<\/strong><br><br>(Regolamento (UE) 2016\/679 del Parlamento europeo e del Consiglio del 27 aprile 2016)<br>Ai sensi del Regolamento Europeo 679\/2016 (GDPR 679\/2016 \u2013 Regolamento generale sulla protezione dei dati\u201d), il trattamento delle informazioni personali che La riguardano sar\u00e0 improntato ai principi di correttezza, liceit\u00e0 e trasparenza e di tutela della Sua riservatezza e dei Suoi diritti.<br><br>Ai sensi degli artt. 12 e 13 del GDPR 679\/2016 ed in relazione ai dati dei quali entreremo in possesso, La informiamo di quanto segue: i Suoi dati personali, conferiti tramite il sito, saranno trattati da parte di Studio Di Lernia mediante l\u2019utilizzo di strumenti, programmi e procedure idonei a garantirne la sicurezza e la riservatezza, nel pieno rispetto di quanto previsto dal Codice della privacy (GDPR 679\/2016).<br><br>1. IDENTITA\u2019 E DATI DI CONTATTO DEL TITOLARE DEL TRATTAMENTO<br>Il titolare del trattamento\u00e8 Studio Di Lernia, di cui i dati di contatto sono: Studio Di Lernia \u2013 Via Ronchi 2 \u2013 20134, Milano.<\/p>\n\n\n\n<p>2. FINALITA\u2019 DEL TRATTAMENTO<br>Il trattamento dei dati da Lei forniti \u00e8 finalizzato unicamente alla corretta e completa esecuzione del servizio da Lei richiesto. La raccolta e conservazione dei Suoi dati personali potr\u00e0 avvenire al fine della fornitura dei servizi di Studio Di Lernia e di aziende ad essa facenti capo; i suoi dati personali potranno essere utilizzati da parte di Studio Di Lernia per finalit\u00e0 di comunicazione informativa e pubblicitaria sui prodotti e servizi mediante i seguenti mezzi: invio di newsletter, invito personali a convegni, manifestazioni.<br><br>3. BASE GIURIDICA DEL TRATTAMENTO<br>Ai sensi dell\u2019art.6 del GDPR 679\/2016 il trattamento dei dati per le finalit\u00e0 elencate al punto 2 di questo documento, trova base giuridica sul consenso esplicito dell\u2019interessato (art.6 lettera a); e nel legittimo interesse del titolare (art.6 lettera f) basato sulla relazione pertinente tra interessato e titolare del trattamento (C47). I legittimi interessi del Titolare non prevalgono gli interessi, i diritti e le libert\u00e0 dell\u2019interessato.<br><br>4. DESTINATARI O CATEGORIE DI DESTINATARI DEI DATI<br>I dati personali non saranno comunicati n\u00e9 diffusi a terzi.<br><br>5. PERIODO DI CONSERVAZIONE DEI DATI PERSONALI<br>Il periodo di conservazione dei dati personali inizia dal momento della richiesta di servizio\/contatto, e termina alla fine del rapporto con l\u2019interessato o su esplicita richiesta di cancellazione dei dati forniti da parte di quest\u2019ultimo.<br><br>6. DIRITTI DELL\u2019INTERESSATO<br>In ogni momento l\u2019interessato potr\u00e0 esercitare i Suoi diritti nei confronti del titolare del trattamento, ai sensi degli artt.15;16;17;18;20;21 del GDPR 679\/2016. Nello specifico l\u2019interessato ha diritto:<br><br>1. di accesso ai dati personali facendone opportuna richiesta (art.15);<br>2. di ottenere la rettifica (art.16); o la cancellazione degli stessi (oblio)(art.17); o la limitazione del trattamento che lo riguarda (art.18);<br>3. di opporsi al trattamento (art.21);<br>4. alla portabilit\u00e0 dei dati (art.20);<br>5. di revocare il consenso senza pregiudicare la liceit\u00e0 del trattamento prestato prima della revoca, (art.13 par.2 let.c);<br>6. di proporre reclamo ad una autorit\u00e0 di controllo (art.13 par.2 let.d.)<br><br>7. NATURA FACOLTATIVA DEL CONFERIMENTO DATI E CONSEGUENZE DI EVENTUALE RIFIUTO<br>La comunicazione dei suoi dati \u00e8 facoltativa. Tuttavia in caso di mancato conferimento del consenso o dei dati richiesti, l\u2019interessato non potr\u00e0 ricevere le informazioni e il supporto richiesto.<br><br>8. PROCESSO DECISIONALE AUTOMATIZZATO E PROFILAZIONE<br>La raccolta ed il trattamento dei dati non prevedono alcun tipo di processo decisionale automatizzato e\/o di profilazione.<\/p>\n\n\n\n<p><\/p>\n","protected":false},"excerpt":{"rendered":"<p>Premessa La presente \u201cinformativa estesa\u201d \u00e8 stata redatta e personalizzata appositamente per il presente sito in base a quanto previsto dal Provvedimento dell\u20198 maggio 2014 emanato dal Garante per la protezione dei dati personali. Essa integra ed aggiorna altre informative gi\u00e0 presenti sul sito e\/o rilasciate prima d\u2019ora dall\u2019azienda, in combinazione con le quali fornisce&hellip;<\/p>\n","protected":false},"author":1,"featured_media":0,"parent":0,"menu_order":0,"comment_status":"closed","ping_status":"closed","template":"","meta":{"footnotes":""},"_links":{"self":[{"href":"https:\/\/studiodilernia.exum.eu\/index.php?rest_route=\/wp\/v2\/pages\/5921"}],"collection":[{"href":"https:\/\/studiodilernia.exum.eu\/index.php?rest_route=\/wp\/v2\/pages"}],"about":[{"href":"https:\/\/studiodilernia.exum.eu\/index.php?rest_route=\/wp\/v2\/types\/page"}],"author":[{"embeddable":true,"href":"https:\/\/studiodilernia.exum.eu\/index.php?rest_route=\/wp\/v2\/users\/1"}],"replies":[{"embeddable":true,"href":"https:\/\/studiodilernia.exum.eu\/index.php?rest_route=%2Fwp%2Fv2%2Fcomments&post=5921"}],"version-history":[{"count":1,"href":"https:\/\/studiodilernia.exum.eu\/index.php?rest_route=\/wp\/v2\/pages\/5921\/revisions"}],"predecessor-version":[{"id":5922,"href":"https:\/\/studiodilernia.exum.eu\/index.php?rest_route=\/wp\/v2\/pages\/5921\/revisions\/5922"}],"wp:attachment":[{"href":"https:\/\/studiodilernia.exum.eu\/index.php?rest_route=%2Fwp%2Fv2%2Fmedia&parent=5921"}],"curies":[{"name":"wp","href":"https:\/\/api.w.org\/{rel}","templated":true}]}}